{"id":13,"date":"2024-12-26T12:52:20","date_gmt":"2024-12-26T11:52:20","guid":{"rendered":"http:\/\/cedricplouvier.ovh\/?page_id=13"},"modified":"2026-01-17T10:53:51","modified_gmt":"2026-01-17T09:53:51","slug":"mon-univers","status":"publish","type":"page","link":"https:\/\/cedricplouvier.ovh\/","title":{"rendered":"Mon univers"},"content":{"rendered":"\n<p class=\"has-text-align-center has-larger-font-size\"><strong>D\u00e9couvrez mon univers !<\/strong><\/p>\n\n\n\n<p class=\"has-text-align-center has-large-font-size\"><strong>Plongez dans des r\u00e9cits immersifs m\u00ealant thriller, fantastique, science-fiction, horreur et Histoire !<\/strong><\/p>\n\n\n\n<p style=\"font-size:20px\"><em>Je suis professeur et historien de m\u00e9tier et de formation. Depuis 2018, je me suis \u00e9galement lanc\u00e9 dans celui de romancier.<\/em><\/p>\n\n\n\n<div class=\"wp-block-media-text is-stacked-on-mobile\" style=\"grid-template-columns:39% auto\"><figure class=\"wp-block-media-text__media\"><img loading=\"lazy\" decoding=\"async\" width=\"731\" height=\"924\" src=\"http:\/\/cedricplouvier.ovh\/wp-content\/uploads\/2024\/12\/photo.jpg\" alt=\"\" class=\"wp-image-15 size-full\" srcset=\"https:\/\/cedricplouvier.ovh\/wp-content\/uploads\/2024\/12\/photo.jpg 731w, https:\/\/cedricplouvier.ovh\/wp-content\/uploads\/2024\/12\/photo-237x300.jpg 237w\" sizes=\"auto, (max-width: 731px) 100vw, 731px\" \/><\/figure><div class=\"wp-block-media-text__content\">\n<p class=\"has-medium-font-size\"><em>Mon objectif est de cr\u00e9er des r\u00e9cits \u00e0 la fois immersifs et prenants, en m\u00ealant plusieurs th\u00e8mes litt\u00e9raires, \u00e0 commencer par l&rsquo;Histoire, le thriller, le fantastique, la science-fiction et l&rsquo;horreur. J&rsquo;\u00e9vite tout autant les histoires strictement r\u00e9alistes que celles purement imaginaires. Je pr\u00e9f\u00e8re confondre les deux, le plus souvent en partant de la r\u00e9alit\u00e9, afin d&rsquo;amener le lecteur vers la fiction.<\/em><\/p>\n<\/div><\/div>\n\n\n\n<p class=\"has-medium-font-size\"><em>J&rsquo;ai un style plut\u00f4t fluide et cin\u00e9matographique, qui offre donc au lecteur un r\u00e9cit tr\u00e8s visuel o\u00f9 le fond l&#8217;emporte sur la forme : j&rsquo;accorde en effet la plus grande importance \u00e0 l&rsquo;intrigue et \u00e0 l&rsquo;ambiance, avec une tendance \u00e0 finir mes romans sur des rebondissements frappants.<\/em><\/p>\n\n\n\n<p class=\"has-medium-font-size\"><em>Si j&rsquo;aime entra\u00eener mon lecteur dans une r\u00e9flexion, parfois teint\u00e9e de philosophie ou poussant \u00e0 l&rsquo;introspection, ce n&rsquo;est jamais dans le but de faire passer un message personnel. Le roman doit rester d&rsquo;abord, \u00e0 mon avis, une occasion de proposer au lecteur une \u00e9vasion prenante et intrigante.<\/em><\/p>\n\n\n\n<p class=\"has-large-font-size\"><\/p>\n\n\n\n<p><\/p>\n","protected":false},"excerpt":{"rendered":"<p>D\u00e9couvrez mon univers ! Plongez dans des r\u00e9cits immersifs m\u00ealant thriller, fantastique, science-fiction, horreur et Histoire ! Je suis professeur et historien de m\u00e9tier et &hellip;<\/p>\n","protected":false},"author":1,"featured_media":0,"parent":0,"menu_order":1,"comment_status":"closed","ping_status":"closed","template":"","meta":{"footnotes":""},"class_list":["post-13","page","type-page","status-publish","hentry"],"_links":{"self":[{"href":"https:\/\/cedricplouvier.ovh\/index.php\/wp-json\/wp\/v2\/pages\/13","targetHints":{"allow":["GET"]}}],"collection":[{"href":"https:\/\/cedricplouvier.ovh\/index.php\/wp-json\/wp\/v2\/pages"}],"about":[{"href":"https:\/\/cedricplouvier.ovh\/index.php\/wp-json\/wp\/v2\/types\/page"}],"author":[{"embeddable":true,"href":"https:\/\/cedricplouvier.ovh\/index.php\/wp-json\/wp\/v2\/users\/1"}],"replies":[{"embeddable":true,"href":"https:\/\/cedricplouvier.ovh\/index.php\/wp-json\/wp\/v2\/comments?post=13"}],"version-history":[{"count":21,"href":"https:\/\/cedricplouvier.ovh\/index.php\/wp-json\/wp\/v2\/pages\/13\/revisions"}],"predecessor-version":[{"id":424,"href":"https:\/\/cedricplouvier.ovh\/index.php\/wp-json\/wp\/v2\/pages\/13\/revisions\/424"}],"wp:attachment":[{"href":"https:\/\/cedricplouvier.ovh\/index.php\/wp-json\/wp\/v2\/media?parent=13"}],"curies":[{"name":"wp","href":"https:\/\/api.w.org\/{rel}","templated":true}]}}