{"id":31,"date":"2024-12-26T13:02:42","date_gmt":"2024-12-26T12:02:42","guid":{"rendered":"https:\/\/cedricplouvier.ovh\/?page_id=31"},"modified":"2026-02-10T18:48:21","modified_gmt":"2026-02-10T17:48:21","slug":"biographie","status":"publish","type":"page","link":"https:\/\/cedricplouvier.ovh\/index.php\/biographie\/","title":{"rendered":"Biographie &amp; entrevues"},"content":{"rendered":"\n<p><strong><em>2024<\/em><\/strong><em>, mars :<\/em> <strong>Nouvelle \u00e9dition de PAX DEORUM<\/strong> chez La Grande Vague. Je reprends l&rsquo;histoire et l&rsquo;intrigue g\u00e9n\u00e9rale, ainsi que la plupart des personnages, mais \u00e0 la demande de mon \u00e9diteur je rends le r\u00e9cit plus efficace. Naissent ainsi le tome 1 &#8211; <em>Les Fils de Mars<\/em> et le tome 2 &#8211; <em>La bataille des deux Cit\u00e9s<\/em>, rendant obsol\u00e8tes les deux anciens tomes \u00e9dit\u00e9s en 2020.<\/p>\n\n\n\n<p><em>2023 :<\/em> LES MONSTRES N\u2019EXISTENT PAS est finaliste du prix Boccace 2023.<\/p>\n\n\n\n<p><strong><em>2022<\/em><\/strong><em>, mai : <\/em><strong>publication <\/strong>de <strong>BAS LES MASQUES et <\/strong>de<strong> LES MONSTRES N\u2019EXISTENT PAS<\/strong> chez La Grande Vague.<\/p>\n\n\n\n<p><em>2021, d\u00e9cembre : <\/em>rupture conventionnelle entre moi et l\u2019\u00e9diteur. La sortie de mon recueil de nouvelles LES MONSTRES N\u2019EXISTENT PAS est donc report\u00e9e. Je trouve un nouvel \u00e9diteur \u00e0 compte d\u2019\u00e9dition : La grande Vague.<\/p>\n\n\n\n<p><em>2021, mai :<\/em> publication de CHRONIQUES D\u2019UN NOUVEAU MONDE, \u00e9crit durant le confinement du Covid-19 l\u2019ann\u00e9e pr\u00e9c\u00e9dente.<\/p>\n\n\n\n<p><em>2020, d\u00e9cembre : <\/em>publication du 2\u1d49 tome de PAX DEORUM : La voix des dieux.<\/p>\n\n\n\n<p><em>2020, mars : <\/em>publication du 1\u1d49\u02b3 tome de PAX DEORUM : Il \u00e9tait une fois, Rome\u2026<\/p>\n\n\n\n<p><em>2019, octobre :<\/em> signature chez un petit \u00e9diteur&nbsp;ind\u00e9pendant (\u00e0 l&rsquo;\u00e9poque \u00e0 compte d\u2019\u00e9dition) pour la publication de la saga historique MOS MAJORUM. Je d\u00e9cide de changer le nom de cette sage en PAX DEORUM et de diviser en 2 tomes le manuscrit d\u2019origine \u00e9crit en 2018.<\/p>\n\n\n\n<hr class=\"wp-block-separator has-alpha-channel-opacity\"\/>\n\n\n\n<p class=\"has-large-font-size\"><span style=\"text-decoration: underline;\"><strong>Entrevues :<\/strong><\/span><\/p>\n\n\n\n<p style=\"font-size:20px\"><a target=\"_blank\" rel=\"noreferrer noopener\" href=\"https:\/\/www.youtube.com\/watch?v=Nkxrlb3LjCs&amp;t=2s\">Sentiers d\u2019auteurs, 28 ao\u00fbt 2022<\/a> (audio)<\/p>\n\n\n\n<p style=\"font-size:20px\"><a href=\"https:\/\/lepetitreporterdu73.com\/2023\/01\/haute-savoie-cedric-plouvier-la-plume-dun-autre-monde\/\" target=\"_blank\" rel=\"noreferrer noopener\">Le Petit reporter, 27 janvier 2023<\/a> (\u00e9crit)<\/p>\n\n\n\n<p>Festival du fantastique d&rsquo;Annecy, novembre 2025 (vid\u00e9o) : <a href=\"https:\/\/fb.watch\/Fb9jluSSqY\/\" data-type=\"link\" data-id=\"https:\/\/fb.watch\/Fb9jluSSqY\/\">premi\u00e8re partie<\/a>, <a href=\"https:\/\/fb.watch\/Fb9m38SzC-\/\" data-type=\"link\" data-id=\"https:\/\/fb.watch\/Fb9m38SzC-\/\">deuxi\u00e8me partie<\/a>, <a href=\"https:\/\/fb.watch\/Fb9muF50pA\/\" data-type=\"link\" data-id=\"https:\/\/fb.watch\/Fb9muF50pA\/\">troisi\u00e8me partie<\/a>, <a href=\"https:\/\/fb.watch\/Fb9n1fCjLs\/\" data-type=\"link\" data-id=\"https:\/\/fb.watch\/Fb9n1fCjLs\/\">derni\u00e8re partie<\/a><\/p>\n\n\n\n<p><\/p>\n\n\n\n<p><\/p>\n\n\n\n<p><\/p>\n","protected":false},"excerpt":{"rendered":"<p>2024, mars : Nouvelle \u00e9dition de PAX DEORUM chez La Grande Vague. Je reprends l&rsquo;histoire et l&rsquo;intrigue g\u00e9n\u00e9rale, ainsi que la plupart des personnages, mais &hellip;<\/p>\n","protected":false},"author":1,"featured_media":0,"parent":0,"menu_order":2,"comment_status":"closed","ping_status":"closed","template":"","meta":{"footnotes":""},"class_list":["post-31","page","type-page","status-publish","hentry"],"_links":{"self":[{"href":"https:\/\/cedricplouvier.ovh\/index.php\/wp-json\/wp\/v2\/pages\/31","targetHints":{"allow":["GET"]}}],"collection":[{"href":"https:\/\/cedricplouvier.ovh\/index.php\/wp-json\/wp\/v2\/pages"}],"about":[{"href":"https:\/\/cedricplouvier.ovh\/index.php\/wp-json\/wp\/v2\/types\/page"}],"author":[{"embeddable":true,"href":"https:\/\/cedricplouvier.ovh\/index.php\/wp-json\/wp\/v2\/users\/1"}],"replies":[{"embeddable":true,"href":"https:\/\/cedricplouvier.ovh\/index.php\/wp-json\/wp\/v2\/comments?post=31"}],"version-history":[{"count":10,"href":"https:\/\/cedricplouvier.ovh\/index.php\/wp-json\/wp\/v2\/pages\/31\/revisions"}],"predecessor-version":[{"id":428,"href":"https:\/\/cedricplouvier.ovh\/index.php\/wp-json\/wp\/v2\/pages\/31\/revisions\/428"}],"wp:attachment":[{"href":"https:\/\/cedricplouvier.ovh\/index.php\/wp-json\/wp\/v2\/media?parent=31"}],"curies":[{"name":"wp","href":"https:\/\/api.w.org\/{rel}","templated":true}]}}