{"id":37,"date":"2024-12-26T13:43:06","date_gmt":"2024-12-26T12:43:06","guid":{"rendered":"https:\/\/cedricplouvier.ovh\/?page_id=37"},"modified":"2025-10-15T17:49:06","modified_gmt":"2025-10-15T15:49:06","slug":"achetez-mes-ouvrages","status":"publish","type":"page","link":"https:\/\/cedricplouvier.ovh\/index.php\/achetez-mes-ouvrages\/","title":{"rendered":"Achetez mes ouvrages"},"content":{"rendered":"\n<p>Tous mes ouvrages sont disponibles <strong>en broch\u00e9 et en ebook, sur Internet<\/strong> :<\/p>\n\n\n\n<ul class=\"wp-block-list\">\n<li><strong><u><a href=\"https:\/\/editions-lagrandevague.fr\/brand\/8-cedric-plouvier\" target=\"_blank\" rel=\"noreferrer noopener\">La Grande Vague \u00e9ditions<\/a> <\/u><\/strong>(de pr\u00e9f\u00e9rence)<\/li>\n\n\n\n<li><a href=\"https:\/\/www.amazon.fr\/stores\/C%C3%A9dric-Plouvier\/author\/B08NYZ9QW5?_encoding=UTF8&amp;node=301061&amp;offset=0&amp;pageSize=12&amp;searchAlias=stripbooks&amp;sort=author-sidecar-rank&amp;page=1&amp;langFilter=default&amp;ref=ap_rdr&amp;isDramIntegrated=true&amp;shoppingPortalEnabled=true#formatSelectorHeader\" target=\"_blank\" rel=\"noreferrer noopener\">Amazon<\/a><\/li>\n\n\n\n<li><a href=\"https:\/\/www.fnac.com\/ia9524440\/Cedric-Plouvier\" target=\"_blank\" rel=\"noreferrer noopener\">FNAC<\/a><\/li>\n\n\n\n<li><a href=\"https:\/\/www.cultura.com\/search\/results?search_query=C%C3%A9dric+Plouvier\" target=\"_blank\" rel=\"noreferrer noopener\">Cultura<\/a><\/li>\n\n\n\n<li><a href=\"https:\/\/www.decitre.fr\/rechercher\/result?q=c%C3%A9dric+plouvier\" target=\"_blank\" rel=\"noreferrer noopener\">Decitre<\/a><\/li>\n<\/ul>\n\n\n\n<p>&#8230;ainsi que <strong>dans n&rsquo;importe quelle librairie<\/strong> (en commande et parfois en rayon). Vous pouvez aussi les commander en ligne \u00e0 destination de votre libraire pr\u00e9f\u00e9r\u00e9 :<\/p>\n\n\n\n<ul class=\"wp-block-list\">\n<li><a href=\"https:\/\/www.placedeslibraires.fr\/listeliv.php?base=allbooks&amp;mots_recherche=c%C3%A9dric+plouvier\" target=\"_blank\" rel=\"noreferrer noopener\">Place des libraires<\/a><\/li>\n\n\n\n<li><a href=\"https:\/\/www.chez-mon-libraire.fr\/listeliv.php?base=paper&amp;mots_recherche=c%C3%A9dric+plouvier\" target=\"_blank\" rel=\"noreferrer noopener\">Chez mon libraire<\/a><\/li>\n<\/ul>\n\n\n\n<p class=\"has-text-align-center\"><strong>ATTENTION !<\/strong><\/p>\n\n\n\n<p class=\"has-text-align-center\"><strong>Certains de mes anciens ouvrages (sortis chez mon premier \u00e9diteur et ant\u00e9rieurs \u00e0 2022) sont encore disponibles sur Internet. <u>Ne les achetez pas !<\/u> Non seulement je ne toucherai aucun droit d&rsquo;auteur dessus, mais qui plus est ces ouvrages sont obsol\u00e8tes quant \u00e0 leur contenu.<\/strong><\/p>\n\n\n\n<p class=\"has-text-align-center\"><strong>Seuls les <u><a href=\"https:\/\/cedricplouvier.ovh\/index.php\/mes-ouvrages\/\">ouvrages pr\u00e9sent\u00e9s sur ce site<\/a><\/u> sont officiels !<\/strong><\/p>\n","protected":false},"excerpt":{"rendered":"<p>Tous mes ouvrages sont disponibles en broch\u00e9 et en ebook, sur Internet : &#8230;ainsi que dans n&rsquo;importe quelle librairie (en commande et parfois en rayon). &hellip;<\/p>\n","protected":false},"author":1,"featured_media":0,"parent":0,"menu_order":4,"comment_status":"closed","ping_status":"closed","template":"","meta":{"footnotes":""},"class_list":["post-37","page","type-page","status-publish","hentry"],"_links":{"self":[{"href":"https:\/\/cedricplouvier.ovh\/index.php\/wp-json\/wp\/v2\/pages\/37","targetHints":{"allow":["GET"]}}],"collection":[{"href":"https:\/\/cedricplouvier.ovh\/index.php\/wp-json\/wp\/v2\/pages"}],"about":[{"href":"https:\/\/cedricplouvier.ovh\/index.php\/wp-json\/wp\/v2\/types\/page"}],"author":[{"embeddable":true,"href":"https:\/\/cedricplouvier.ovh\/index.php\/wp-json\/wp\/v2\/users\/1"}],"replies":[{"embeddable":true,"href":"https:\/\/cedricplouvier.ovh\/index.php\/wp-json\/wp\/v2\/comments?post=37"}],"version-history":[{"count":5,"href":"https:\/\/cedricplouvier.ovh\/index.php\/wp-json\/wp\/v2\/pages\/37\/revisions"}],"predecessor-version":[{"id":398,"href":"https:\/\/cedricplouvier.ovh\/index.php\/wp-json\/wp\/v2\/pages\/37\/revisions\/398"}],"wp:attachment":[{"href":"https:\/\/cedricplouvier.ovh\/index.php\/wp-json\/wp\/v2\/media?parent=37"}],"curies":[{"name":"wp","href":"https:\/\/api.w.org\/{rel}","templated":true}]}}