{"id":41,"date":"2024-12-26T13:44:15","date_gmt":"2024-12-26T12:44:15","guid":{"rendered":"https:\/\/cedricplouvier.ovh\/?page_id=41"},"modified":"2026-02-16T16:17:04","modified_gmt":"2026-02-16T15:17:04","slug":"les-monstres-nexistent-pas","status":"publish","type":"page","link":"https:\/\/cedricplouvier.ovh\/index.php\/mes-ouvrages\/les-monstres-nexistent-pas\/","title":{"rendered":"Les monstres n&rsquo;existent pas"},"content":{"rendered":"\n<p class=\"has-text-align-center has-large-font-size\"><strong>Les Monstres n\u2019existent pas (2022)<\/strong><\/p>\n\n\n\n<p class=\"has-text-align-center has-large-font-size\"><em><strong>Horreur-\u00e9pouvante (recueil de nouvelles)<\/strong><\/em><\/p>\n\n\n\n<figure class=\"wp-block-video\"><video height=\"1168\" style=\"aspect-ratio: 864 \/ 1168;\" width=\"864\" controls src=\"https:\/\/cedricplouvier.ovh\/wp-content\/uploads\/2024\/12\/anime-avec-son-monstres.mp4\"><\/video><\/figure>\n\n\n\n<hr class=\"wp-block-separator has-alpha-channel-opacity\"\/>\n\n\n\n<figure class=\"wp-block-image size-large\"><img loading=\"lazy\" decoding=\"async\" width=\"1024\" height=\"719\" src=\"https:\/\/cedricplouvier.ovh\/wp-content\/uploads\/2024\/12\/les-monstres-nexistent-pas-broche-1600x1200-1-2-1280x768-1-1024x719.jpg\" alt=\"\" class=\"wp-image-63\" srcset=\"https:\/\/cedricplouvier.ovh\/wp-content\/uploads\/2024\/12\/les-monstres-nexistent-pas-broche-1600x1200-1-2-1280x768-1-1024x719.jpg 1024w, https:\/\/cedricplouvier.ovh\/wp-content\/uploads\/2024\/12\/les-monstres-nexistent-pas-broche-1600x1200-1-2-1280x768-1-300x211.jpg 300w, https:\/\/cedricplouvier.ovh\/wp-content\/uploads\/2024\/12\/les-monstres-nexistent-pas-broche-1600x1200-1-2-1280x768-1-768x539.jpg 768w, https:\/\/cedricplouvier.ovh\/wp-content\/uploads\/2024\/12\/les-monstres-nexistent-pas-broche-1600x1200-1-2-1280x768-1.jpg 1094w\" sizes=\"auto, (max-width: 1024px) 100vw, 1024px\" \/><\/figure>\n\n\n\n<p class=\"has-large-font-size\"><span style=\"text-decoration: underline;\">R\u00e9sum\u00e9 d\u00e9taill\u00e9 :<\/span><\/p>\n\n\n\n<p><em>Chez les Anciens, le <\/em>monstrum<em> d\u00e9finit ce qui, par essence, d\u00e9roge \u00e0 l\u2019\u00e9tat de nature. Son \u00e9tymologie m\u00eame le rattache \u00e0 ce qui est ainsi d\u00e9sign\u00e9, justement parce que le monstre est cach\u00e9 aux yeux des hommes (<\/em>monstrare<em>). Elle rappelle aussi qu\u2019il d\u00e9tient en lui-m\u00eame des pouvoirs myst\u00e9rieux et puissants (<\/em>monere<em>) et qu\u2019il est forc\u00e9ment li\u00e9 \u00e0 la notion de danger : s\u2019il n\u2019existe pas, c\u2019est justement parce qu\u2019il est dangereux pour l\u2019ordre \u00e9tabli ; s\u2019il existe, il devient alors le danger que l\u2019on redoutait et qu\u2019il convient en quelque sorte d\u2019exorciser.<\/em><\/p>\n\n\n\n<p><em>Comme la r\u00e9alit\u00e9 ne correspond pas forc\u00e9ment \u00e0 la v\u00e9rit\u00e9, cela ne voudrait-il pas dire que le monstre r\u00e9side dans cette part d\u2019inconnu qui \u00e9chappe \u00e0 la compr\u00e9hension de l\u2019homme et que sa raison cherche constamment \u00e0 r\u00e9duire, quelle qu\u2019en soit sa nature, \u00e9voluant en m\u00eame temps que lui dans ce monde ?<\/em><\/p>\n\n\n\n<p><em>Alors les monstres n\u2019existent-ils pas ?<\/em><\/p>\n\n\n\n<p><em>Peut-\u00eatre\u2026 peut-\u00eatre pas !<\/em><\/p>\n\n\n\n<p class=\"has-large-font-size\"><span style=\"text-decoration: underline;\">Explications suppl\u00e9mentaires :<\/span><\/p>\n\n\n\n<p>Je me propose d\u2019\u00e9tudier la figure du monstre \u00e0 travers sept nouvelles abordant ce th\u00e8me de mani\u00e8re vari\u00e9e, dans une approche horreur\/\u00e9pouvante, parfois fantastique et psychologique. J\u2019essaie \u00e0 chaque fois de mettre en sc\u00e8ne le monstrueux de mani\u00e8re particuli\u00e8re, au sein de laquelle la r\u00e9flexion et l\u2019ambiance, les sentiments, sont exacerb\u00e9s.<\/p>\n\n\n\n<p>Ce recueil de nouvelles est pr\u00e9c\u00e9d\u00e9 d&rsquo;un prologue explicitant la figure du monstre d&rsquo;un point de vue scientifique, synth\u00e8se d&rsquo;une conf\u00e9rence que j&rsquo;avais tenue sur le sujet en 2019.<\/p>\n\n\n\n<p class=\"has-large-font-size\"><span style=\"text-decoration: underline;\">Chroniques :<\/span><\/p>\n\n\n\n<p><a target=\"_blank\" rel=\"noreferrer noopener\" href=\"https:\/\/fildediane.wordpress.com\/2022\/10\/12\/les-monstres-nexistent-pas-de-cedric-plouvier\/\">Fildiane<\/a> (26\/05\/2022)<\/p>\n\n\n\n<p><em>\u00a0\u00bb C\u2019est tr\u00e8s efficace, j\u2019\u00e9tais super mal \u00e0 l\u2019aise\u2026 \u00ab\u00a0<\/em><\/p>\n\n\n\n<p class=\"has-large-font-size\"><span style=\"text-decoration: underline;\">Commentaires de lecteurs :<\/span><\/p>\n\n\n\n<ul class=\"wp-block-list\">\n<li>Le site de mon \u00e9diteur (<a href=\"https:\/\/editions-lagrandevague.fr\/epouvantehorreur\/67-les-monstres-n-existent-pas-9782384600168.html\" target=\"_blank\" rel=\"noreferrer noopener\">tout en bas<\/a>)<\/li>\n\n\n\n<li><a href=\"https:\/\/www.amazon.fr\/gp\/product\/B0B69TQGCF\/ref=dbs_a_def_rwt_hsch_vapi_tkin_p1_i2\" target=\"_blank\" rel=\"noreferrer noopener\">Amazon<\/a><\/li>\n\n\n\n<li><a href=\"https:\/\/www.babelio.com\/livres\/Plouvier-Les-monstres-nexistent-pas\/1423134\" target=\"_blank\" rel=\"noreferrer noopener\">Babelio<\/a><\/li>\n\n\n\n<li><a href=\"https:\/\/www.livraddict.com\/biblio\/livre\/les-monstres-n-existent-pas.html\" target=\"_blank\" rel=\"noreferrer noopener\">Livraddict<\/a><\/li>\n<\/ul>\n\n\n\n<p class=\"has-large-font-size\"><span style=\"text-decoration: underline;\">Extrait choisi de l&rsquo;ouvrage :<\/span><\/p>\n\n\n\n<div id=\"zVu3Mk\" class=\"text-box layout-element__component layout-element__component--GridTextBox\" data-v-ec66ec21=\"\" data-qa=\"gridtextbox:zvu3mk\">\n<p class=\"body\" dir=\"auto\">Cela faisait plus de vingt minutes qu&rsquo;il roulait et une \u00e9paisse brume s\u2019\u00e9tait lev\u00e9e : une sorte de brouillard compact qui ne lui disait rien qui vaille. Au-dessus de lui, le ciel s\u2019\u00e9tait \u00e0 pr\u00e9sent consid\u00e9rablement couvert. De la neige \u00e9tait \u00e0 pr\u00e9voir.<\/p>\n<p class=\"body\" dir=\"auto\">Il avait prudemment ralenti son allure, de sorte qu\u2019il roulait \u00e0 pr\u00e9sent \u00e0 moins de soixante kilom\u00e8tres \u00e0 l\u2019heure. Un peu de bu\u00e9e avait attaqu\u00e9 le pare-brise, repouss\u00e9e tant bien que mal par le souffle du ventilateur.<\/p>\n<p class=\"body\" dir=\"auto\">Il se serait bien pris une tasse de caf\u00e9 s\u2019il avait pu. Il ne se sentait pas somnolent, mais ses paupi\u00e8res vacillaient de temps \u00e0 autre. C\u2019\u00e9taient en fait ses yeux qui br\u00fblaient, ce qui l\u2019encourageait \u00e0 vouloir les fermer, ne serait-ce qu\u2019une rapide seconde.<\/p>\n<p class=\"body\" dir=\"auto\">Un \u0153il \u00e0 l\u2019horloge sur le tableau de bord : 21h45.<\/p>\n<p class=\"body\" dir=\"auto\"><em>Il n\u2019est pas tard pourtant, je me demande si\u2026<\/em><\/p>\n<p class=\"body\" dir=\"auto\">\u2014 Nom de Dieu ! jura-t-il soudainement.<\/p>\n<p class=\"body\" dir=\"auto\">Il donna un coup de volant et l\u2019automobile d\u00e9via vers le centre de la route avant de continuer son chemin vers le bas-c\u00f4t\u00e9, jusqu\u2019\u00e0 ce qu\u2019il e\u00fbt le r\u00e9flexe de la redresser. Les roues du v\u00e9hicule criss\u00e8rent sur le macadam et celui-ci fit presque un quart de tour avant de s\u2019arr\u00eater, dans un dernier bruit de roues.<\/p>\n<p class=\"body\" dir=\"auto\">\u00c9van prit quelques secondes pour se remettre de la situation : il avait fr\u00f4l\u00e9 la catastrophe !<\/p>\n<p class=\"body\" dir=\"auto\">Il avait cru apercevoir quelque chose dans la lumi\u00e8re de ses phares. Une forme assez ch\u00e9tive, sur le bord de la route, qui \u00e9tait rest\u00e9e immobile, s\u00fbrement en raison de la lumi\u00e8re.<\/p>\n<p class=\"body\" dir=\"auto\"><em>Un animal, \u00e0 tous les coups !<\/em> se dit-il avec le c\u0153ur qui battait encore la chamade.<\/p>\n<p class=\"body\" dir=\"auto\">Il secoua la t\u00eate, respira un grand coup et ouvrit la porti\u00e8re sans arr\u00eater le moteur, faisant p\u00e9n\u00e9trer le froid dans l\u2019habitacle. Sans prendre le temps de mettre son anorak, il descendit et fit le tour du v\u00e9hicule apr\u00e8s avoir v\u00e9rifi\u00e9 le pare-chocs.<\/p>\n<p class=\"body\" dir=\"auto\">Il n\u2019avait rien percut\u00e9. Il l\u2019aurait senti, mais sait-on jamais.<\/p>\n<p class=\"body\" dir=\"auto\">Il continua d\u2019observer scrupuleusement la carrosserie du mieux qu\u2019il le pouvait dans ces circonstances, c&rsquo;est-\u00e0-dire en pleine nuit et sans lampe.<\/p>\n<p class=\"body\" dir=\"auto\">\u00c0 premi\u00e8re vue, il n\u2019y avait aucun signe d\u2019un impact quelconque. Les pneus \u00e9taient un peu chauds bien s\u00fbr, il ne saurait en \u00eatre autrement apr\u00e8s un tel d\u00e9rapage, mais aucun n\u2019\u00e9tait crev\u00e9 et il n\u2019y avait pas de trace d\u2019huile ou d\u2019essence sur le sol.<\/p>\n<p class=\"body\" dir=\"auto\">La brume s\u2019\u00e9tait encore \u00e9paissie, emp\u00eachant \u00c9van de distinguer quoi que ce soit \u00e0 plus de quelques m\u00e8tres. Celle-ci venait m\u00eame l\u00e9cher ses pieds, s\u2019\u00e9cartant \u00e0 peine alors qu\u2019il avan\u00e7ait de quelques pas.<\/p>\n<p class=\"body\" dir=\"auto\">\u2014 Il y a quelqu&rsquo;un ? cria-t-il en mettant ses mains en porte-voix, plus pour se donner bonne conscience qu\u2019autre chose.<\/p>\n<p class=\"body\" dir=\"auto\">C\u2019est idiot, pourquoi quelqu&rsquo;un serait-il bless\u00e9 ?<\/p>\n<p class=\"body\" dir=\"auto\">Il n\u2019eut d\u2019ailleurs que le silence qui lui r\u00e9pondit, un silence pesant qu\u2019il finit par rompre en se raclant volontairement la gorge.<\/p>\n<p class=\"body\" dir=\"auto\">\u2014 Vous \u00eates bless\u00e9 ?<\/p>\n<p class=\"body\" dir=\"auto\">C\u2019\u00e9tait un moyen de prendre l\u2019avantage sur cette atmosph\u00e8re froide et lourde, un moyen de contr\u00f4ler les \u00e9l\u00e9ments, mais il ne put s\u2019emp\u00eacher de se sentir b\u00eate.<\/p>\n<p class=\"body\" dir=\"auto\">Il jeta un \u0153il sur l\u2019arri\u00e8re de la voiture : le rouge des feux donnait aux traces de boue sur le sol une certaine teinte sang qu\u2019\u00c9van fixa un instant, comme s\u2019il s\u2019attendait \u00e0 apercevoir le cadavre mutil\u00e9 d\u2019un jeune auto-stoppeur.<\/p>\n<p class=\"body\" dir=\"auto\">Il entendait d\u00e9j\u00e0 la sir\u00e8ne inquisitrice des gendarmes\u2026<\/p>\n<p class=\"body\" dir=\"auto\">Il secoua la t\u00eate.<\/p>\n<p class=\"body\" dir=\"auto\"><em>N\u2019importe quoi !<\/em> se dit-il \u00e0 lui-m\u00eame. <em>Il est temps de rentrer et d\u2019aller se coucher.<\/em><\/p>\n<p class=\"body\" dir=\"auto\">Il n\u2019y avait personne et c\u2019\u00e9tait inutile d\u2019insister en restant plant\u00e9 l\u00e0, en pleine nuit, tout seul et au milieu de la route, surtout si une autre voiture arrivait.<\/p>\n<p class=\"body\" dir=\"auto\">Il tourna donc les talons pour retourner dans le v\u00e9hicule lorsqu\u2019un bruit l\u00e9ger, mais tout \u00e0 fait perceptible, se fit entendre.<\/p>\n<p class=\"body\" dir=\"auto\"><em>Crac !<\/em><\/p>\n<p class=\"body\" dir=\"auto\">Le son, tr\u00e8s l\u00e9ger, venait de s\u2019\u00e9chapper de la brume, presque \u00e9touff\u00e9 par ses effluves.<\/p>\n<p class=\"body\" dir=\"auto\">\u00c9van s\u2019immobilisa, la t\u00eate tourn\u00e9e vers o\u00f9 il lui semblait avoir entendu le craquement.<\/p>\n<p class=\"body\" dir=\"auto\" style=\"text-align: justify;\">Sur le coup, il ne voyait rien, m\u00eame en fron\u00e7ant un peu les yeux, mais une silhouette fit bient\u00f4t son apparition, tel un fant\u00f4me sortant de nulle part. Elle se glissa dans les vapeurs blanch\u00e2tres et ses pieds apparurent, puis son corps, et enfin son visage.<\/p>\n<\/div>\n\n\n\n<p class=\"has-large-font-size\"><span style=\"text-decoration: underline;\">Repr\u00e9sentation th\u00e9\u00e2tre de la nouvelle Libert\u00e9 retrouv\u00e9e, au festival Litt&rsquo;Oral (mai 2023) :<\/span><\/p>\n\n\n\n<figure class=\"wp-block-embed is-type-video is-provider-youtube wp-block-embed-youtube wp-embed-aspect-16-9 wp-has-aspect-ratio\"><div class=\"wp-block-embed__wrapper\">\n<iframe loading=\"lazy\" title=\"Festival Litt&#039;Oral 2023 - F\u00eate de la Nouvelle - Libert\u00e9 Retrouv\u00e9e de C\u00e9dric Plouvier\" width=\"760\" height=\"428\" src=\"https:\/\/www.youtube.com\/embed\/Uoi4tVV75bQ?feature=oembed\" frameborder=\"0\" allow=\"accelerometer; autoplay; clipboard-write; encrypted-media; gyroscope; picture-in-picture; web-share\" referrerpolicy=\"strict-origin-when-cross-origin\" allowfullscreen><\/iframe>\n<\/div><\/figure>\n","protected":false},"excerpt":{"rendered":"<p>Les Monstres n\u2019existent pas (2022) Horreur-\u00e9pouvante (recueil de nouvelles) R\u00e9sum\u00e9 d\u00e9taill\u00e9 : Chez les Anciens, le monstrum d\u00e9finit ce qui, par essence, d\u00e9roge \u00e0 l\u2019\u00e9tat &hellip;<\/p>\n","protected":false},"author":1,"featured_media":0,"parent":39,"menu_order":0,"comment_status":"open","ping_status":"closed","template":"","meta":{"footnotes":""},"class_list":["post-41","page","type-page","status-publish","hentry"],"_links":{"self":[{"href":"https:\/\/cedricplouvier.ovh\/index.php\/wp-json\/wp\/v2\/pages\/41","targetHints":{"allow":["GET"]}}],"collection":[{"href":"https:\/\/cedricplouvier.ovh\/index.php\/wp-json\/wp\/v2\/pages"}],"about":[{"href":"https:\/\/cedricplouvier.ovh\/index.php\/wp-json\/wp\/v2\/types\/page"}],"author":[{"embeddable":true,"href":"https:\/\/cedricplouvier.ovh\/index.php\/wp-json\/wp\/v2\/users\/1"}],"replies":[{"embeddable":true,"href":"https:\/\/cedricplouvier.ovh\/index.php\/wp-json\/wp\/v2\/comments?post=41"}],"version-history":[{"count":9,"href":"https:\/\/cedricplouvier.ovh\/index.php\/wp-json\/wp\/v2\/pages\/41\/revisions"}],"predecessor-version":[{"id":445,"href":"https:\/\/cedricplouvier.ovh\/index.php\/wp-json\/wp\/v2\/pages\/41\/revisions\/445"}],"up":[{"embeddable":true,"href":"https:\/\/cedricplouvier.ovh\/index.php\/wp-json\/wp\/v2\/pages\/39"}],"wp:attachment":[{"href":"https:\/\/cedricplouvier.ovh\/index.php\/wp-json\/wp\/v2\/media?parent=41"}],"curies":[{"name":"wp","href":"https:\/\/api.w.org\/{rel}","templated":true}]}}