{"id":410,"date":"2026-02-16T16:12:14","date_gmt":"2026-02-16T15:12:14","guid":{"rendered":"https:\/\/cedricplouvier.ovh\/?page_id=410"},"modified":"2026-02-16T16:16:50","modified_gmt":"2026-02-16T15:16:50","slug":"le-refuge-des-ombres","status":"publish","type":"page","link":"https:\/\/cedricplouvier.ovh\/index.php\/mes-ouvrages\/le-refuge-des-ombres\/","title":{"rendered":"Le refuge des ombres"},"content":{"rendered":"\n<p class=\"has-text-align-center has-large-font-size\"><strong>Le refuge des ombres (2026)<\/strong><\/p>\n\n\n\n<p class=\"has-text-align-center has-large-font-size\"><strong><em>Thriller d\u2019ambiance<\/em>, 248 pages.<\/strong><\/p>\n\n\n\n<figure class=\"wp-block-video\"><video height=\"970\" style=\"aspect-ratio: 720 \/ 970;\" width=\"720\" controls src=\"https:\/\/cedricplouvier.ovh\/wp-content\/uploads\/2026\/02\/2025-11-18T18-40-43_generation_watermarked-online-video-cutter.com_.mp4\"><\/video><\/figure>\n\n\n\n<hr class=\"wp-block-separator has-alpha-channel-opacity\"\/>\n\n\n\n<figure class=\"wp-block-image size-large\"><img loading=\"lazy\" decoding=\"async\" width=\"1024\" height=\"731\" src=\"https:\/\/cedricplouvier.ovh\/wp-content\/uploads\/2025\/11\/WhatsApp-Image-2025-11-25-a-21.42.43_53fd603b-1024x731.jpg\" alt=\"\" class=\"wp-image-417\" srcset=\"https:\/\/cedricplouvier.ovh\/wp-content\/uploads\/2025\/11\/WhatsApp-Image-2025-11-25-a-21.42.43_53fd603b-1024x731.jpg 1024w, https:\/\/cedricplouvier.ovh\/wp-content\/uploads\/2025\/11\/WhatsApp-Image-2025-11-25-a-21.42.43_53fd603b-300x214.jpg 300w, https:\/\/cedricplouvier.ovh\/wp-content\/uploads\/2025\/11\/WhatsApp-Image-2025-11-25-a-21.42.43_53fd603b-768x548.jpg 768w, https:\/\/cedricplouvier.ovh\/wp-content\/uploads\/2025\/11\/WhatsApp-Image-2025-11-25-a-21.42.43_53fd603b-421x300.jpg 421w, https:\/\/cedricplouvier.ovh\/wp-content\/uploads\/2025\/11\/WhatsApp-Image-2025-11-25-a-21.42.43_53fd603b.jpg 1317w\" sizes=\"auto, (max-width: 1024px) 100vw, 1024px\" \/><\/figure>\n\n\n\n<p class=\"has-large-font-size\"><span style=\"text-decoration: underline;\">R\u00e9sum\u00e9 d\u00e9taill\u00e9 :<\/span><\/p>\n\n\n\n<p><em>D\u00e9but XIXe si\u00e8cle au pays du Mont Blanc, un petit village isol\u00e9 m\u00e8ne une vie paisible o\u00f9 tout le monde se conna\u00eet. Lorsque les villageois apprennent que Pierre Blanc-Gonnet, personnage asocial notoire, recueille chez lui des enfants et que d\u2019\u00e9tranges inscriptions sont d\u00e9couvertes sur sa propri\u00e9t\u00e9, le sort de cet \u00e9leveur est scell\u00e9. <\/em><\/p>\n\n\n\n<p><em>Une trentaine d&rsquo;ann\u00e9es plus tard, son neveu Eug\u00e8ne h\u00e9rite de son domaine et d\u00e9couvre la vie atypique du milieu montagnard, dont il ne conna\u00eet ni ses traditions immuables ni ses superstitions tenaces. Eug\u00e8ne est surtout confront\u00e9 \u00e0 une succession de ph\u00e9nom\u00e8nes inexplicables de plus en plus troublants, qui l\u2019am\u00e8nent \u00e0 s\u2019interroger sur la mal\u00e9diction qui semble peser sur ce village et le r\u00f4le qu\u2019a r\u00e9ellement jou\u00e9 son oncle dans celle-ci. <\/em><\/p>\n\n\n\n<p><em><em>Le pi\u00e8ge se resserre peu \u00e0 peu autour de lui.&nbsp;Serait-il li\u00e9 \u00e0 une v\u00e9rit\u00e9 trop douloureuse pour \u00eatre r\u00e9v\u00e9l\u00e9e ?<\/em><\/em><\/p>\n\n\n\n<p class=\"has-large-font-size\"><span style=\"text-decoration: underline;\">Explications suppl\u00e9mentaires :<\/span><\/p>\n\n\n\n<p>Ce roman plonge dans le folklore savoyard du XIXe si\u00e8cle, baign\u00e9 par les paysages de la montagne alpine. Il immerge le lecteur dans un voyage intrigant o\u00f9 le surnaturel c\u00f4toie les murmures de la nuit, entre la flamme d\u2019une bougie et d&rsquo;anciens symboles \u00e9sot\u00e9riques perdus dans les for\u00eats de sapin.<\/p>\n\n\n\n<p>Thriller \u00e0 connotation psychologique et sombre, qui offre la part belle \u00e0 la nature et au myst\u00e8re, l&rsquo;ouvrage se termine par une fin rocambolesque, comme je les aime, d\u00e9voilant toute la profondeur du r\u00e9cit. <\/p>\n\n\n\n<p>J&rsquo;y d\u00e9veloppe \u00e9galement une r\u00e9flexion sur la m\u00e9moire des hommes \u00e0 travers une approche de la sociologie montagnarde.<\/p>\n\n\n\n<p>La montagne est myst\u00e9rieuse, tout comme ceux qui l&rsquo;habitent, mais elle est aussi un refuge pour les ombres qui l&rsquo;ont foul\u00e9e et la fouleront encore longtemps !<\/p>\n\n\n\n<p class=\"has-large-font-size\"><span style=\"text-decoration: underline;\">Chroniques :<\/span><\/p>\n\n\n\n<p><\/p>\n\n\n\n<p class=\"has-large-font-size\"><span style=\"text-decoration: underline;\">Commentaires de lecteurs :<\/span><\/p>\n\n\n\n<ul class=\"wp-block-list\">\n<li>Le site de mon \u00e9diteur (tout en bas)<\/li>\n\n\n\n<li>Amazon<\/li>\n\n\n\n<li>Babelio<\/li>\n\n\n\n<li>Livraddict<\/li>\n\n\n\n<li>BookNode<\/li>\n<\/ul>\n\n\n\n<p class=\"has-large-font-size\"><span style=\"text-decoration: underline;\">Extrait choisi de l&rsquo;ouvrage :<\/span><\/p>\n\n\n\n<p>Eug\u00e8ne reconnut aussit\u00f4t le glacier\u00a0: il l\u2019avait rejoint sans avoir cherch\u00e9 \u00e0 l\u2019atteindre et il n\u2019avait maintenant d\u2019autre solution que de le traverser.<\/p>\n<p>Il s\u2019immobilisa un instant, \u00e9pris d\u2019un sentiment quasi religieux qu\u2019il ne s\u2019expliquait pas.<\/p>\n<p>Apr\u00e8s tout, ce n\u2019\u00e9tait qu\u2019une grosse couche de glace et il n\u2019y avait aucune raison de la craindre\u2009!<\/p>\n<p>Il tenta de d\u00e9couvrir un chemin praticable dans cet univers chaotique, tandis que des nuages sombres s\u2019\u00e9taient rassembl\u00e9s au-dessus de lui et alertaient d\u2019une pluie inopportune. Le grondement se fit plus puissant et Eug\u00e8ne aper\u00e7ut des \u00e9clairs z\u00e9brer le ciel.<\/p>\n<p>En des circonstances diff\u00e9rentes, il aurait trouv\u00e9 le spectacle magnifique, mais il ne fallait pas perdre de temps ou la surface froide sur laquelle il avan\u00e7ait pr\u00e9cautionneusement deviendrait une vraie patinoire\u2009!<\/p>\n<p>Alors qu\u2019il s\u2019effor\u00e7ait de descendre une pente plus abrupte que les autres, un des \u00e9clairs vint frapper un arbre \u00e0 une centaine de m\u00e8tres seulement derri\u00e8re lui. Le promeneur vit le sapin s\u2019embraser aussit\u00f4t, avant de se briser sur la glace, \u00e0 ses pieds, dans une pluie d\u2019\u00e9tincelles. D\u2019autres suivirent dans la foul\u00e9e, for\u00e7ant Eug\u00e8ne \u00e0 reculer\u00a0: une barri\u00e8re de feu s\u2019\u00e9tait lev\u00e9e et lui interdisait dor\u00e9navant tout repli.<\/p>\n<p>Il fixa la sc\u00e8ne bouche b\u00e9e, conscient d\u2019avoir assist\u00e9 \u00e0 quelque chose d\u2019extraordinaire. Puis, il reprit bien vite ses esprits et se remit en route.<\/p>\n<p>L\u2019antiquaire arriva finalement en bas de la pente et d\u00e9couvrit un goulot assez large. Il s\u2019avan\u00e7a pour s\u2019y engouffrer et continuer ainsi sa descente, lorsqu\u2019un autre \u00e9clair frappa la paroi de glace \u00e0 une vingtaine de m\u00e8tres sur sa gauche. Des morceaux \u00e9normes vinrent s\u2019effondrer plus bas, obstruant le corridor qu\u2019il envisageait d\u2019emprunter.<\/p>\n<p>Ses yeux effray\u00e9s sond\u00e8rent les environs \u00e0 la recherche d\u2019un nouveau passage, qu\u2019ils finirent par apercevoir derri\u00e8re un petit mur gel\u00e9. La galerie n\u2019\u00e9tait pas bien large. Mais, en s\u2019abaissant, il arriverait s\u00fbrement \u00e0 s\u2019y d\u00e9placer.<\/p>\n<p>De toute fa\u00e7on, il n\u2019avait plus le choix\u00a0: le chenal qui l\u2019avait amen\u00e9 ici \u00e9tait lui aussi occup\u00e9 \u00e0 pr\u00e9sent par de gros blocs de glace\u00a0!<\/p>\n<p>Apr\u00e8s une centaine de m\u00e8tres \u00e0 serpenter dans ce couloir sombre et froid, Eug\u00e8ne parvint malheureusement au bout du parcours\u00a0: le goulot terminait dans une cuvette \u00e9troite dont les parois s\u2019\u00e9levaient bien trop haut pour qu\u2019il puisse les escalader.<\/p>\n<p>Il sonda ces miroirs bleut\u00e9s sur lesquels il apercevait son reflet d\u00e9form\u00e9 jusqu\u2019au d\u00e9sespoir et son c\u0153ur se mit \u00e0 battre de plus belle.<\/p>\n<p>Il se rappelait avec peine que Marie lui avait conseill\u00e9 de ne pas approcher ce glacier.<\/p>\n<p>Il ferma les yeux et essaya de se calmer.<\/p>\n<p>Le silence s\u2019empara brusquement des lieux, comme si l\u2019orage s\u2019\u00e9tait arr\u00eat\u00e9.<\/p>\n<p>Le citadin ignorait si cela \u00e9tait ou non de bon augure, mais il remarqua bient\u00f4t devant lui une nouvelle ouverture, fine et lov\u00e9e dans un renforcement.<\/p>\n<p>Elle semblait \u00eatre apparue l\u00e0 comme par magie et d\u00e9boucher sur un passage assez large pour \u00eatre emprunt\u00e9.<\/p>\n<p>Il s\u2019y introduisit sans tarder.<\/p>\n<p>Il dut pour cela enlever son sac, qu\u2019il pla\u00e7a entre ses jambes, et se contorsionner au maximum. Il entra et progressa ainsi sur quelques m\u00e8tres, difficilement et lentement, avant de se retrouver dans une galerie un peu plus grande.<\/p>\n<p>\u00c0 chaque m\u00e8tre de plus, il redoutait de se faire \u00e9craser par la puissante m\u00e2choire du monstre, dont il entendait \u00e0 pr\u00e9sent clairement la respiration.<\/p>\n<p>De l\u2019eau coulait jusqu\u2019au sol dans un cliquetis r\u00e9gulier\u2009; le craquement de la glace r\u00e9sonnait de mani\u00e8re angoissante et une haleine d\u00e9plaisante lui gelait le visage.<\/p>\n<p>Il osait \u00e0 peine poser les mains sur les parois. Mais, quand il y \u00e9tait contraint, il pouvait ressentir la piq\u00fbre du froid qui se r\u00e9pandait dans tout son corps.<\/p>\n<p>Il distinguait autour de lui son reflet qui s\u2019amusait \u00e0 ses d\u00e9pens, se d\u00e9robant \u00e0 son regard lorsque ce dernier se montrait trop insistant.<\/p>\n<p>Puis, des voix r\u00e9sonn\u00e8rent.<\/p>\n<p>Il crut d\u2019abord qu\u2019elles \u00e9taient dans sa t\u00eate, mais ces chuchotements d\u2019enfants se propageaient toujours plus fort et l\u2019incitaient \u00e0 avancer dans ce tunnel gel\u00e9.<\/p>\n","protected":false},"excerpt":{"rendered":"<p>Le refuge des ombres (2026) Thriller d\u2019ambiance, 248 pages. R\u00e9sum\u00e9 d\u00e9taill\u00e9 : D\u00e9but XIXe si\u00e8cle au pays du Mont Blanc, un petit village isol\u00e9 m\u00e8ne &hellip;<\/p>\n","protected":false},"author":1,"featured_media":0,"parent":39,"menu_order":0,"comment_status":"closed","ping_status":"closed","template":"","meta":{"footnotes":""},"class_list":["post-410","page","type-page","status-publish","hentry"],"_links":{"self":[{"href":"https:\/\/cedricplouvier.ovh\/index.php\/wp-json\/wp\/v2\/pages\/410","targetHints":{"allow":["GET"]}}],"collection":[{"href":"https:\/\/cedricplouvier.ovh\/index.php\/wp-json\/wp\/v2\/pages"}],"about":[{"href":"https:\/\/cedricplouvier.ovh\/index.php\/wp-json\/wp\/v2\/types\/page"}],"author":[{"embeddable":true,"href":"https:\/\/cedricplouvier.ovh\/index.php\/wp-json\/wp\/v2\/users\/1"}],"replies":[{"embeddable":true,"href":"https:\/\/cedricplouvier.ovh\/index.php\/wp-json\/wp\/v2\/comments?post=410"}],"version-history":[{"count":12,"href":"https:\/\/cedricplouvier.ovh\/index.php\/wp-json\/wp\/v2\/pages\/410\/revisions"}],"predecessor-version":[{"id":444,"href":"https:\/\/cedricplouvier.ovh\/index.php\/wp-json\/wp\/v2\/pages\/410\/revisions\/444"}],"up":[{"embeddable":true,"href":"https:\/\/cedricplouvier.ovh\/index.php\/wp-json\/wp\/v2\/pages\/39"}],"wp:attachment":[{"href":"https:\/\/cedricplouvier.ovh\/index.php\/wp-json\/wp\/v2\/media?parent=410"}],"curies":[{"name":"wp","href":"https:\/\/api.w.org\/{rel}","templated":true}]}}