{"id":43,"date":"2024-12-26T13:44:29","date_gmt":"2024-12-26T12:44:29","guid":{"rendered":"https:\/\/cedricplouvier.ovh\/?page_id=43"},"modified":"2026-02-16T16:16:22","modified_gmt":"2026-02-16T15:16:22","slug":"bas-les-masques","status":"publish","type":"page","link":"https:\/\/cedricplouvier.ovh\/index.php\/mes-ouvrages\/bas-les-masques\/","title":{"rendered":"Bas les masques"},"content":{"rendered":"\n<p class=\"has-text-align-center has-large-font-size\"><strong>Bas les masques (2022)<\/strong><\/p>\n\n\n\n<p class=\"has-text-align-center has-large-font-size\"><strong><em>Thriller d\u2019ambiance<\/em>, 273 pages.<\/strong><\/p>\n\n\n\n<figure class=\"wp-block-video\"><video height=\"1168\" style=\"aspect-ratio: 864 \/ 1168;\" width=\"864\" controls src=\"https:\/\/cedricplouvier.ovh\/wp-content\/uploads\/2024\/12\/anime-avec-son-BLM.mp4\"><\/video><\/figure>\n\n\n\n<hr class=\"wp-block-separator has-alpha-channel-opacity\"\/>\n\n\n\n<figure class=\"wp-block-image size-large\"><img loading=\"lazy\" decoding=\"async\" width=\"1024\" height=\"723\" src=\"http:\/\/cedricplouvier.ovh\/wp-content\/uploads\/2024\/12\/bas-les-masques-broche-2-1600x1200-1-1-1280x768-1-1024x723.jpg\" alt=\"\" class=\"wp-image-60\" srcset=\"https:\/\/cedricplouvier.ovh\/wp-content\/uploads\/2024\/12\/bas-les-masques-broche-2-1600x1200-1-1-1280x768-1-1024x723.jpg 1024w, https:\/\/cedricplouvier.ovh\/wp-content\/uploads\/2024\/12\/bas-les-masques-broche-2-1600x1200-1-1-1280x768-1-300x212.jpg 300w, https:\/\/cedricplouvier.ovh\/wp-content\/uploads\/2024\/12\/bas-les-masques-broche-2-1600x1200-1-1-1280x768-1-768x543.jpg 768w, https:\/\/cedricplouvier.ovh\/wp-content\/uploads\/2024\/12\/bas-les-masques-broche-2-1600x1200-1-1-1280x768-1.jpg 1087w\" sizes=\"auto, (max-width: 1024px) 100vw, 1024px\" \/><\/figure>\n\n\n\n<p class=\"has-large-font-size\"><span style=\"text-decoration: underline;\">R\u00e9sum\u00e9 d\u00e9taill\u00e9 :<\/span><\/p>\n\n\n\n<p><em>Au milieu de l\u2019ann\u00e9e 1918, comme beaucoup de Fran\u00e7ais, Camille Loucet est pi\u00e9g\u00e9 dans l\u2019enfer des tranch\u00e9es o\u00f9 il sert comme lieutenant. Au-del\u00e0 du traumatisme de cette exp\u00e9rience et de la grippe espagnole qui commence alors ses ravages, Loucet se retrouve un jour confront\u00e9 \u00e0 un \u00e9v\u00e8nement extraordinaire : parmi les cadavres quotidiens que s\u00e8me la guerre, certains sont \u00e9trangement mutil\u00e9s au visage ; des yeux manquent, des tympans sont retir\u00e9s et des bo\u00eetes cr\u00e2niennes sont vides ! Sur la nuque, un \u00e9trange symbole est dessin\u00e9.<\/em><\/p>\n\n\n\n<p><em>Les choses en seraient rest\u00e9es l\u00e0 si une fois la guerre finie et le retour \u00e0 la vie civile, il n\u2019\u00e9tait pas promu inspecteur d\u2019acad\u00e9mie adjoint et envoy\u00e9 inspecter un pensionnat pour jeunes gar\u00e7ons perdu dans une for\u00eat des Ardennes, non loin des tranch\u00e9es dans lesquelles il a combattu. Les \u00e9coliers affichent en effet des r\u00e9sultats anormalement \u00e9lev\u00e9s qui ont attir\u00e9 l\u2019attention du Minist\u00e8re. Lorsque l\u2019inspecteur Loucet arrive sur place, il d\u00e9couvre une abbaye r\u00e9affect\u00e9e o\u00f9 ceux qui y vivent affichent un comportement \u00e9trange. Et surtout, sur le bureau du directeur, l\u2019inspecteur d\u00e9couvre par hasard, sur une feuille \u00e9gar\u00e9e, le symbole qu\u2019il avait aper\u00e7u sur la nuque des cadavres mutil\u00e9s\u2026<\/em><\/p>\n\n\n\n<p class=\"has-large-font-size\"><span style=\"text-decoration: underline;\">Explications suppl\u00e9mentaires :<\/span><\/p>\n\n\n\n<p>Ce r\u00e9cit est orient\u00e9 sur une th\u00e9matique \u00e0 dominante thriller, mais en m\u00e9langeant, comme j\u2019aime le faire, plusieurs styles, notamment l\u2019ambiance horrifique et le drame. Comme \u00e0 mon habitude, \u00e9galement, j\u2019entra\u00eene le lecteur dans un univers tr\u00e8s immersif, proposant un v\u00e9ritable voyage visuel dans les d\u00e9cors sombres d&rsquo;une for\u00eat et d&rsquo;une abbaye m\u00e9di\u00e9vale, souvent dans l&rsquo;obscurit\u00e9 ! Je propose enfin une r\u00e9flexion sur la notion de violence.<\/p>\n\n\n\n<p class=\"has-large-font-size\"><span style=\"text-decoration: underline;\">Chroniques :<\/span><\/p>\n\n\n\n<p><a target=\"_blank\" rel=\"noreferrer noopener\" href=\"https:\/\/thedude524.com\/2022\/06\/23\/thriller-historique-bas-les-masques-de-cedric-plouvier-la-grande-vague\/\">La culture dans tous ses \u00e9tats<\/a> (23\/06\/2022)<\/p>\n\n\n\n<p><em>\u00ab\u00a0Il m\u2019a \u00e9t\u00e9 impossible de l\u00e2cher le thriller \u00ab Bas les masques \u00bb avant d\u2019en conna\u00eetre l\u2019issue. [&#8230;] Une incontestable r\u00e9ussite.\u00a0\u00bb<\/em><\/p>\n\n\n\n<p><a target=\"_blank\" rel=\"noreferrer noopener\" href=\"http:\/\/ichmagbuecher.eklablog.com\/bas-les-masques-a213204155\">Ichmagbuecher<\/a> (03\/10\/2022)<\/p>\n\n\n\n<p><em>\u00ab\u00a0Ce que j&rsquo;ai le plus aim\u00e9 : circuler dans ce monument historique et religieux, qui regorge de passages secrets.\u00a0\u00bb<\/em><\/p>\n\n\n\n<p><a target=\"_blank\" rel=\"noreferrer noopener\" href=\"https:\/\/www.purple-rain.fr\/2022\/10\/livre-bas-les-masques-cedric-plouvier.html\">Purple-Rain<\/a> (24\/10\/2022)<\/p>\n\n\n\n<p><em>\u00ab\u00a0J&rsquo;aime ces ambiances sombres, froides et oppressantes qu&rsquo;il est possible de ressentir \u00e0 travers les lignes de ce roman. Nous sommes comme Camille prisonniers de cet endroit qui \u00e0 travers\u00e9 le temps et regorgeant d&rsquo;histoire.\u00a0\u00bb<\/em><\/p>\n\n\n\n<p class=\"has-large-font-size\"><span style=\"text-decoration: underline;\">Commentaires de lecteurs :<\/span><\/p>\n\n\n\n<ul class=\"wp-block-list\">\n<li>Le site de mon \u00e9diteur (<a href=\"https:\/\/editions-lagrandevague.fr\/intrigue\/52-bas-les-masques-9782384600182.html\" target=\"_blank\" rel=\"noreferrer noopener\">tout en bas<\/a>)<\/li>\n\n\n\n<li><a href=\"https:\/\/www.amazon.fr\/Bas-Masques-C%C3%A9dric-Plouvier-ebook\/dp\/B0B69TL6BQ\/ref=sr_1_6?__mk_fr_FR=%C3%85M%C3%85%C5%BD%C3%95%C3%91&amp;keywords=bas+les+masques&amp;qid=1659547368&amp;sr=8-6\" target=\"_blank\" rel=\"noreferrer noopener\">Amazon<\/a><\/li>\n\n\n\n<li><a href=\"https:\/\/www.babelio.com\/livres\/Plouvier-Bas-les-masques\/1423130\" target=\"_blank\" rel=\"noreferrer noopener\">Babelio<\/a><\/li>\n\n\n\n<li><a href=\"https:\/\/www.livraddict.com\/biblio\/livre\/bas-les-masques-2.html\" target=\"_blank\" rel=\"noreferrer noopener\">Livraddict<\/a><\/li>\n\n\n\n<li><a href=\"https:\/\/booknode.com\/bas_les_masques_03461810\/commentaires\" target=\"_blank\" rel=\"noreferrer noopener\">BookNode<\/a><\/li>\n<\/ul>\n\n\n\n<p class=\"has-large-font-size\"><span style=\"text-decoration: underline;\">Extrait choisi de l&rsquo;ouvrage :<\/span><\/p>\n\n\n\n<p style=\"text-align: justify;\">Je me levai de mon lit et m\u2019habillai rapidement. Je me contentai juste d\u2019enfiler mon pantalon et je sortis dans le couloir en maillot de corps et en chaussons, la lampe-temp\u00eate \u00e0 la main. \u2028<\/p>\n<p style=\"text-align: justify;\">Il n\u2019y avait personne, d\u2019un c\u00f4t\u00e9 comme de l\u2019autre : la nuit r\u00e9pondait au silence et les portes autour de moi \u00e9taient toutes closes.\u2028<\/p>\n<p style=\"text-align: justify;\">J\u2019avan\u00e7ai sur ma droite, la lampe \u00e0 bout de bras, et je vis une ombre qui descendait l\u2019escalier.\u2028<\/p>\n<p style=\"text-align: justify;\">-Vous, l\u00e0 ? Qui \u00eates-vous ? m\u2019\u00e9criai-je aussit\u00f4t.<\/p>\n<p style=\"text-align: justify;\">\u2028Non seulement personne ne r\u00e9pondit, mais l\u2019ombre disparut bien vite dans l\u2019obscurit\u00e9.<\/p>\n<p style=\"text-align: justify;\">\u2028Je m\u2019\u00e9lan\u00e7ai alors \u00e0 sa poursuite en faisant attention de ne pas buter contre une dalle un peu trop relev\u00e9e, ce qui m\u2019arriva malgr\u00e9 tout et me fit presque tomber.\u2028<\/p>\n<p style=\"text-align: justify;\">Je descendis jusqu\u2019au r\u00e9fectoire, au moment m\u00eame o\u00f9 la forme empruntait la porte en face, celle qui menait \u00e0 l\u2019h\u00f4tellerie et dont m\u2019avait parl\u00e9e Lucien la derni\u00e8re fois.\u2028<\/p>\n<p style=\"text-align: justify;\">Je suivis ses pas et me retrouvai dans un long couloir.\u2028<\/p>\n<p style=\"text-align: justify;\">Avec ma lampe je devinai \u00e0 peine la forme qui continuait d\u2019avancer rapidement, loin devant moi.\u2028<\/p>\n<p style=\"text-align: justify;\">-Attendez, je ne vous veux aucun mal ! criai-je, supposant que celle-ci\u2028fuyait parce qu\u2019elle avait peur de moi.\u2028<\/p>\n<p style=\"text-align: justify;\">Puis, tout en courant comme je le pouvais, je me mis \u00e0 penser que cette personne pouvait tout aussi bien m\u2019entra\u00eener volontairement dans un pi\u00e8ge.<\/p>\n<p style=\"text-align: justify;\">\u2028Je me mis donc \u00e0 ralentir, avant de m\u2019arr\u00eater compl\u00e8tement : devant moi, \u00e0 quelques m\u00e8tres, une porte bloquait le passage.<\/p>\n<p style=\"text-align: justify;\">\u2028Je la fixai et mon souffle commen\u00e7a \u00e0 s\u2019acc\u00e9l\u00e9rer.\u2028<\/p>\n<p style=\"text-align: justify;\">J\u2019approchai, lentement, et je posai la main sur la poign\u00e9e, que je tournai encore plus lentement.\u2028<\/p>\n<p style=\"text-align: justify;\">La porte s\u2019ouvrit sur une nouvelle salle dont je ne voyais pas l\u2019extr\u00e9mit\u00e9. Son plafond se composait d\u2019une succession de crois\u00e9es d\u2019ogives qui venaient se rejoindre comme les p\u00e9tales d\u2019une fleur, au sommet de piliers de pierres \u00e9pais que je supposai nombreux autour de moi.\u2028<\/p>\n<p style=\"text-align: justify;\">Je levai bien haut ma lampe mais je n\u2019en distinguai pas davantage.\u2028<\/p>\n<p style=\"text-align: justify;\">-Vous \u00eates l\u00e0 ? criai-je alors na\u00efvement.\u2028<\/p>\n<p style=\"text-align: justify;\">Ma question se r\u00e9p\u00e9ta en \u00e9cho et se fondit bient\u00f4t dans la p\u00e9nombre.<\/p>\n<p style=\"text-align: justify;\">\u2028Je ne comprenais pas que l\u2019on puisse laisser une telle salle \u00e0 l\u2019abandon. L\u2019association qui avait acquis l\u2019Abbaye n\u2019avait certainement pas jug\u00e9 bon d\u2019occuper l\u2019ensemble de l\u2019espace ou alors ils n\u2019en avaient pas encore eu le temps. \u00c0 moins qu\u2019ils aient volontairement d\u00e9cid\u00e9 de laisser certaines pi\u00e8ces vides pour un futur projet ?<\/p>\n<p style=\"text-align: justify;\">\u2028Je fis quelques pas qui r\u00e9sonn\u00e8rent sinistrement, tandis que je promenai ma lampe \u00e0 droite et \u00e0 gauche en esp\u00e9rant trouver quelque chose.\u2028<\/p>\n<p style=\"text-align: justify;\">Il n\u2019y avait aucune silhouette ici en dehors de mon ombre, projet\u00e9e par la flamme de ma lampe. Le calme \u00e9tait rompu ponctuellement par l\u2019\u00e9cho angoissant de mes pas.\u2028<\/p>\n<p style=\"text-align: justify;\">Je criai une nouvelle fois, en vain, avant que le silence ne s\u2019impose \u00e0 nouveau.\u2028<\/p>\n<p style=\"text-align: justify;\">J\u2019entendis quelques gouttes d\u2019eau qui frappaient le sol, quelque part autour de moi, mais avec l\u2019\u00e9cho il \u00e9tait impossible de savoir \u00e0 quelle distance.<\/p>\n<p style=\"text-align: justify;\">\u2028Puis un sifflement s\u2019\u00e9leva, aigu et continu.\u2028<\/p>\n<p style=\"text-align: justify;\">Il provenait de ma gauche, \u00e0 quelques m\u00e8tres peut-\u00eatre.<\/p>\n","protected":false},"excerpt":{"rendered":"<p>Bas les masques (2022) Thriller d\u2019ambiance, 273 pages. R\u00e9sum\u00e9 d\u00e9taill\u00e9 : Au milieu de l\u2019ann\u00e9e 1918, comme beaucoup de Fran\u00e7ais, Camille Loucet est pi\u00e9g\u00e9 dans &hellip;<\/p>\n","protected":false},"author":1,"featured_media":0,"parent":39,"menu_order":0,"comment_status":"open","ping_status":"closed","template":"","meta":{"footnotes":""},"class_list":["post-43","page","type-page","status-publish","hentry"],"_links":{"self":[{"href":"https:\/\/cedricplouvier.ovh\/index.php\/wp-json\/wp\/v2\/pages\/43","targetHints":{"allow":["GET"]}}],"collection":[{"href":"https:\/\/cedricplouvier.ovh\/index.php\/wp-json\/wp\/v2\/pages"}],"about":[{"href":"https:\/\/cedricplouvier.ovh\/index.php\/wp-json\/wp\/v2\/types\/page"}],"author":[{"embeddable":true,"href":"https:\/\/cedricplouvier.ovh\/index.php\/wp-json\/wp\/v2\/users\/1"}],"replies":[{"embeddable":true,"href":"https:\/\/cedricplouvier.ovh\/index.php\/wp-json\/wp\/v2\/comments?post=43"}],"version-history":[{"count":10,"href":"https:\/\/cedricplouvier.ovh\/index.php\/wp-json\/wp\/v2\/pages\/43\/revisions"}],"predecessor-version":[{"id":443,"href":"https:\/\/cedricplouvier.ovh\/index.php\/wp-json\/wp\/v2\/pages\/43\/revisions\/443"}],"up":[{"embeddable":true,"href":"https:\/\/cedricplouvier.ovh\/index.php\/wp-json\/wp\/v2\/pages\/39"}],"wp:attachment":[{"href":"https:\/\/cedricplouvier.ovh\/index.php\/wp-json\/wp\/v2\/media?parent=43"}],"curies":[{"name":"wp","href":"https:\/\/api.w.org\/{rel}","templated":true}]}}